{"id":29859,"date":"2021-05-31T23:44:06","date_gmt":"2021-05-31T22:44:06","guid":{"rendered":"https:\/\/foot-lab.com\/conditions-dutilisation\/"},"modified":"2021-11-11T01:10:29","modified_gmt":"2021-11-11T00:10:29","slug":"conditions-dutilisation","status":"publish","type":"page","link":"https:\/\/foot-lab.com\/en\/conditions-dutilisation\/","title":{"rendered":"Terms of use"},"content":{"rendered":"<div  style='padding-bottom:10px; ' class='av-special-heading av-special-heading-h3  blockquote modern-quote  avia-builder-el-0  el_before_av_hr  avia-builder-el-first  '><h3 class='av-special-heading-tag '  itemprop=\"headline\"  >Terms of use (French)<\/h3><div class='special-heading-border'><div class='special-heading-inner-border' ><\/div><\/div><\/div>\n<div  style='height:30px' class='hr hr-invisible   avia-builder-el-1  el_after_av_heading  el_before_av_textblock '><span class='hr-inner ' ><span class='hr-inner-style'><\/span><\/span><\/div>\n<section class=\"av_textblock_section \"  itemscope=\"itemscope\" itemtype=\"https:\/\/schema.org\/CreativeWork\" ><div class='avia_textblock  '   itemprop=\"text\" ><p>En poursuivant la navigation sur le site\u00a0<a href=\"http:\/\/www.foot-lab.com\/\">www.foot-lab.com<\/a>\u00a0vous acceptez les conditions d\u2019utilisation qui suivent, et notamment l\u2019utilisation de vos donn\u00e9es personnelles (link vers le doc).\u00a0<\/p>\n<p><strong>Mentions l\u00e9gales<\/strong><\/p>\n<p>Les sites web\u00a0<a href=\"http:\/\/www.foot-lab.com\/\">www.foot-lab.com<\/a>\u00a0et\u00a0<a href=\"http:\/\/www.foot-lab.ch\/\">www.foot-lab.ch<\/a>\u00a0sont d\u00e9tenus par la soci\u00e9t\u00e9 Foot Lab S\u00e0rl, avec si\u00e8ge social \u00e0 Crans-Montana (Suisse) et inscrite au Registre du Commerce du Canton du Valais (Suisse), sous le no CHE-139.924.677. Notre contact\u00a0: info(a)foot-lab.com<\/p>\n<p>Le site est h\u00e9berg\u00e9 par Infomaniak (<a href=\"https:\/\/www.infomaniak.com\/\">https:\/\/www.infomaniak.com<\/a>).\u00a0<\/p>\n<p><strong>Propri\u00e9t\u00e9 intellectuelle<\/strong><\/p>\n<p>Toutes les marques, photos, textes, illustrations, images, vid\u00e9os et plus g\u00e9n\u00e9ralement tous les \u00e9l\u00e9ments reproduits ou utilis\u00e9s sur le site sont prot\u00e9g\u00e9s par les lois en vigueur au titre de la protection intellectuelle et sont la propri\u00e9t\u00e9 pleine et enti\u00e8re de Foot Lab.\u00a0<\/p>\n<p>Toute reproduction, repr\u00e9sentation, utilisation ou adaptation, sous quelque forme que ce soit, de tout ou partie de ces \u00e9l\u00e9ments sans l\u2019accord pr\u00e9alable de Foot Lab sont interdites.<\/p>\n<p><strong>Loi applicable<\/strong><\/p>\n<p>Les pr\u00e9sentes conditions d\u2019utilisation sont r\u00e9gies par la loi suisse. Foot Lab se r\u00e9serve le droit de les modifier ou actualiser. Nous vous prions, par cons\u00e9quent, de bien vouloir consulter r\u00e9guli\u00e8rement la partie du Site y aff\u00e9rente, et de bien vouloir prendre connaissance des conditions d\u2019utilisation les plus r\u00e9centes.<\/p>\n<\/div><\/section>\n","protected":false},"excerpt":{"rendered":"","protected":false},"author":1,"featured_media":0,"parent":0,"menu_order":0,"comment_status":"closed","ping_status":"closed","template":"","meta":{"_monsterinsights_skip_tracking":false,"_monsterinsights_sitenote_active":false,"_monsterinsights_sitenote_note":"","_monsterinsights_sitenote_category":0,"footnotes":""},"class_list":["post-29859","page","type-page","status-publish","hentry"],"_links":{"self":[{"href":"https:\/\/foot-lab.com\/en\/wp-json\/wp\/v2\/pages\/29859","targetHints":{"allow":["GET"]}}],"collection":[{"href":"https:\/\/foot-lab.com\/en\/wp-json\/wp\/v2\/pages"}],"about":[{"href":"https:\/\/foot-lab.com\/en\/wp-json\/wp\/v2\/types\/page"}],"author":[{"embeddable":true,"href":"https:\/\/foot-lab.com\/en\/wp-json\/wp\/v2\/users\/1"}],"replies":[{"embeddable":true,"href":"https:\/\/foot-lab.com\/en\/wp-json\/wp\/v2\/comments?post=29859"}],"version-history":[{"count":4,"href":"https:\/\/foot-lab.com\/en\/wp-json\/wp\/v2\/pages\/29859\/revisions"}],"predecessor-version":[{"id":29863,"href":"https:\/\/foot-lab.com\/en\/wp-json\/wp\/v2\/pages\/29859\/revisions\/29863"}],"wp:attachment":[{"href":"https:\/\/foot-lab.com\/en\/wp-json\/wp\/v2\/media?parent=29859"}],"curies":[{"name":"wp","href":"https:\/\/api.w.org\/{rel}","templated":true}]}}