{"id":29883,"date":"2021-05-31T23:41:43","date_gmt":"2021-05-31T22:41:43","guid":{"rendered":"https:\/\/foot-lab.com\/politique-de-confidentialite\/"},"modified":"2021-11-11T01:16:13","modified_gmt":"2021-11-11T00:16:13","slug":"politique-de-confidentialite","status":"publish","type":"page","link":"https:\/\/foot-lab.com\/en\/politique-de-confidentialite\/","title":{"rendered":"Privacy policy"},"content":{"rendered":"<div  style='padding-bottom:10px; ' class='av-special-heading av-special-heading-h3  blockquote modern-quote  avia-builder-el-0  el_before_av_hr  avia-builder-el-first  '><h3 class='av-special-heading-tag '  itemprop=\"headline\"  >Politique de confidentialit\u00e9<\/h3><div class='special-heading-border'><div class='special-heading-inner-border' ><\/div><\/div><\/div>\n<div  style='height:30px' class='hr hr-invisible   avia-builder-el-1  el_after_av_heading  el_before_av_textblock '><span class='hr-inner ' ><span class='hr-inner-style'><\/span><\/span><\/div>\n<section class=\"av_textblock_section \"  itemscope=\"itemscope\" itemtype=\"https:\/\/schema.org\/CreativeWork\" ><div class='avia_textblock  '   itemprop=\"text\" ><p>Foot Lab S\u00e0rl, soucieuse de la protection de vos donn\u00e9es et dans une volont\u00e9 de transparence, a mis en place cette politique de confidentialit\u00e9.\u00a0<\/p>\n<p><strong>Collecte et protection des donn\u00e9es<\/strong><\/p>\n<p>Les donn\u00e9es collect\u00e9es par la soci\u00e9t\u00e9 Foot Lab via le site sont utilis\u00e9es exclusivement dans le cadre de la gestion de votre relation avec Foot Lab. Elles ne seront pas transmises \u00e0 des tiers \u00e0 des fins commerciales.<\/p>\n<p>Nous nous r\u00e9servons le droit de contacter nos clients par e-mail pour leur communiquer toute information ou promotion, en fonction des pr\u00e9f\u00e9rences de l\u2019utilisateur.<\/p>\n<p>Si vous avez des questions concernant la collecte et l\u2019utilisation par Foot Lab des donn\u00e9es \u00e0 caract\u00e8re personnel vous concernant, ou si vous souhaitez qu\u2019elles soient effac\u00e9es, n\u2019h\u00e9sitez pas \u00e0 nous contacter \u00e0 info(a)foot-lab.com.\u00a0<\/p>\n<p><strong>Cookies<\/strong><\/p>\n<p>Ce site peut collecter automatiquement des informations standards via des cookies, des petits fichiers automatiquement enregistr\u00e9s sur votre disque dur lorsque vous consultez notre site. Toutes les informations collect\u00e9es indirectement ne seront utilis\u00e9es que pour suivre le volume, le type et la configuration du trafic utilisant ce site, afin de d\u00e9velopper sa conception et am\u00e9liorer le service que nous vous offrons.<\/p>\n<p>Il vous est, dans l\u2019ensemble, possible de d\u00e9clarer votre refus de cookies, via les param\u00e8tres de votre navigateur web. Vous pouvez, en effet, configurer votre navigateur web de mani\u00e8re telle qu\u2019il vous informe lorsqu\u2019un t\u00e9moin de connexion tente de s\u2019installer ou qu\u2019il refuse tous les t\u00e9moins de connexion d\u2019une mani\u00e8re g\u00e9n\u00e9rale.<\/p>\n<p><strong>Loi applicable<\/strong><\/p>\n<p>Les pr\u00e9sentes conditions d\u2019utilisation sont r\u00e9gies par la loi suisse. Foot Lab se r\u00e9serve le droit de modifier ou actualiser les dispositions concernant la protection des donn\u00e9es. Nous vous prions, par cons\u00e9quent, de bien vouloir consulter r\u00e9guli\u00e8rement la partie du Site y aff\u00e9rente, et de bien vouloir prendre connaissance des dispositions les plus r\u00e9centes en mati\u00e8re de protection des donn\u00e9es.<\/p>\n<\/div><\/section>\n","protected":false},"excerpt":{"rendered":"","protected":false},"author":1,"featured_media":0,"parent":0,"menu_order":0,"comment_status":"closed","ping_status":"closed","template":"","meta":{"_monsterinsights_skip_tracking":false,"_monsterinsights_sitenote_active":false,"_monsterinsights_sitenote_note":"","_monsterinsights_sitenote_category":0,"footnotes":""},"class_list":["post-29883","page","type-page","status-publish","hentry"],"_links":{"self":[{"href":"https:\/\/foot-lab.com\/en\/wp-json\/wp\/v2\/pages\/29883","targetHints":{"allow":["GET"]}}],"collection":[{"href":"https:\/\/foot-lab.com\/en\/wp-json\/wp\/v2\/pages"}],"about":[{"href":"https:\/\/foot-lab.com\/en\/wp-json\/wp\/v2\/types\/page"}],"author":[{"embeddable":true,"href":"https:\/\/foot-lab.com\/en\/wp-json\/wp\/v2\/users\/1"}],"replies":[{"embeddable":true,"href":"https:\/\/foot-lab.com\/en\/wp-json\/wp\/v2\/comments?post=29883"}],"version-history":[{"count":4,"href":"https:\/\/foot-lab.com\/en\/wp-json\/wp\/v2\/pages\/29883\/revisions"}],"predecessor-version":[{"id":29887,"href":"https:\/\/foot-lab.com\/en\/wp-json\/wp\/v2\/pages\/29883\/revisions\/29887"}],"wp:attachment":[{"href":"https:\/\/foot-lab.com\/en\/wp-json\/wp\/v2\/media?parent=29883"}],"curies":[{"name":"wp","href":"https:\/\/api.w.org\/{rel}","templated":true}]}}