{"id":32104,"date":"2023-08-01T11:07:58","date_gmt":"2023-08-01T09:07:58","guid":{"rendered":"https:\/\/foot-lab.com\/?page_id=32104"},"modified":"2026-02-20T17:12:53","modified_gmt":"2026-02-20T16:12:53","slug":"centre-de-perfectionnement-en-valais","status":"publish","type":"page","link":"https:\/\/foot-lab.com\/en\/centre-de-perfectionnement-en-valais\/","title":{"rendered":"Centre de perfectionnement &#038; Baby Fun en Valais"},"content":{"rendered":"<div id='av_section_1'  class='avia-section main_color avia-section-default avia-no-border-styling  avia-bg-style-scroll  avia-builder-el-0  el_before_av_button  avia-builder-el-first   av-minimum-height av-minimum-height-100  container_wrap sidebar_right' style='background-color: #ff5c39;background-image: linear-gradient(#ff5c39,#041e42); '   data-av_minimum_height_pc='100'><div class='av-section-color-overlay-wrap'><a href='#next-section' title='' class='scroll-down-link '  aria-hidden='true' data-av_icon='\ue877' data-av_iconfont='entypo-fontello'><\/a><div class='container' ><main  role=\"main\" itemprop=\"mainContentOfPage\"  class='template-page content  av-content-small alpha units'><div class='post-entry post-entry-type-page post-entry-32104'><div class='entry-content-wrapper clearfix'>\n<div  style='padding-bottom:10px; ' class='av-special-heading av-special-heading-h2  blockquote modern-quote  avia-builder-el-1  avia-builder-el-no-sibling  '><h2 class='av-special-heading-tag '  itemprop=\"headline\"  >CENTRE DE PERFECTIONNEMENT <span class='special_amp'>&amp;<\/span> BABY FUN<\/h2><div class ='av-subheading av-subheading_below  ' style='font-size:30px;'><p>1 DIMANCHE PAR MOIS, 1 TH\u00c9MATIQUE TECHNIQUE.<br \/>\nSIERRE (VS)<\/p>\n<\/div><div class='special-heading-border'><div class='special-heading-inner-border' ><\/div><\/div><\/div>\n<\/div><\/div><\/main><!-- close content main element --><\/div><\/div><\/div><div id='after_section_1'  class='main_color av_default_container_wrap container_wrap sidebar_right' style=' '  ><div class='container' ><div class='template-page content  av-content-small alpha units'><div class='post-entry post-entry-type-page post-entry-32104'><div class='entry-content-wrapper clearfix'><div  class='avia-button-wrap avia-button-left  avia-builder-el-2  el_after_av_section  el_before_av_section  avia-builder-el-no-sibling ' ><a href='https:\/\/foot-lab.com\/centre-de-perfectionnement-a-lancy-geneve\/'  class='avia-button  avia-color-theme-color   avia-icon_select-yes-right-icon avia-size-medium avia-position-left '   ><span class='avia_iconbox_title' >Tu habites \u00e0 Gen\u00e8ve ? D\u00e9couvre notre Centre de perfectionnement \u00e0 Lancy ! <\/span><span class='avia_button_icon avia_button_icon_right' aria-hidden='true' data-av_icon='\ue875' data-av_iconfont='entypo-fontello'><\/span><\/a><\/div><\/p>\n<\/div><\/div><\/div><!-- close content main div --><\/div><\/div><div id='info'  class='avia-section main_color avia-section-large avia-no-border-styling  avia-bg-style-scroll  avia-builder-el-3  el_after_av_button  el_before_av_section   container_wrap sidebar_right' style=' '  ><div class='container' ><div class='template-page content  av-content-small alpha units'><div class='post-entry post-entry-type-page post-entry-32104'><div class='entry-content-wrapper clearfix'>\n<div class='flex_column_table av-equal-height-column-flextable -flextable' ><div class=\"flex_column av_one_half  flex_column_table_cell av-equal-height-column av-align-middle av-zero-column-padding first  avia-builder-el-4  el_before_av_one_half  avia-builder-el-first  \" style='border-radius:0px; '><p><div  style='padding-bottom:10px; ' class='av-special-heading av-special-heading-h3  blockquote modern-quote  avia-builder-el-5  el_before_av_hr  avia-builder-el-first  '><h3 class='av-special-heading-tag '  itemprop=\"headline\"  >CENTRE DE PERFECTIONNEMENT TECHNIQUE<\/h3><div class='special-heading-border'><div class='special-heading-inner-border' ><\/div><\/div><\/div><br \/>\n<div  style='height:20px' class='hr hr-invisible   avia-builder-el-6  el_after_av_heading  el_before_av_textblock '><span class='hr-inner ' ><span class='hr-inner-style'><\/span><\/span><\/div><br \/>\n<section class=\"av_textblock_section \"  itemscope=\"itemscope\" itemtype=\"https:\/\/schema.org\/CreativeWork\" ><div class='avia_textblock  '   itemprop=\"text\" ><ul>\n<li>Pour jeunes joueurs de 7 \u00e0 15 ans.<\/li>\n<li>Matin\u00e9es techniques de 9h30 \u00e0 11h45.<\/li>\n<li>Encadrement professionnel (25 heures de d\u00e9veloppement technique).<\/li>\n<li>S\u00e9ances individualis\u00e9es selon l&#8217;\u00e2ge et niveau (groupes homog\u00e8nes et r\u00e9duits).<\/li>\n<li>1 \u00e9quipement Adidas Foot Lab (si inscription tour ou saison).<\/li>\n<li>Possibilit\u00e9 de rejoindre la Cellule Foot Elite durant la saison.<\/li>\n<\/ul>\n<\/div><\/section><\/p><\/div><div class='flex_column_table av-equal-height-column-flextable -flextable' ><div class=\"flex_column av_one_half  flex_column_table_cell av-equal-height-column av-align-middle av-zero-column-padding first  avia-builder-el-8  el_after_av_one_half  el_before_av_one_half  column-top-margin\" style='border-radius:0px; '><p><div  style='padding-bottom:10px; ' class='av-special-heading av-special-heading-h3  blockquote modern-quote  avia-builder-el-9  el_before_av_hr  avia-builder-el-first  '><h3 class='av-special-heading-tag '  itemprop=\"headline\"  >FOOT LAB BABY FUN<\/h3><div class='special-heading-border'><div class='special-heading-inner-border' ><\/div><\/div><\/div><br \/>\n<div  style='height:20px' class='hr hr-invisible   avia-builder-el-10  el_after_av_heading  el_before_av_textblock '><span class='hr-inner ' ><span class='hr-inner-style'><\/span><\/span><\/div><br \/>\n<section class=\"av_textblock_section \"  itemscope=\"itemscope\" itemtype=\"https:\/\/schema.org\/CreativeWork\" ><div class='avia_textblock  '   itemprop=\"text\" ><ul>\n<li>Durant la matin\u00e9e (10h00-11h45) d\u00e9couvre le football de fa\u00e7on ludique et fun!<\/li>\n<li>Pour les enfants de 4 \u00e0 6 ans.<\/li>\n<li>Encadrement professionnel.<\/li>\n<li>Nous d\u00e9veloppons: technique de base &#8211; confiance et concentration &#8211; vitesse de r\u00e9action.<\/li>\n<li>Et nous nous amusons!<\/li>\n<\/ul>\n<\/div><\/section><\/p><\/div><div class='av-flex-placeholder'><\/div><div class=\"flex_column av_one_half  av-hide-on-mobile  avia-full-contain flex_column_table_cell av-equal-height-column av-align-middle av-zero-column-padding   avia-builder-el-12  el_after_av_one_half  avia-builder-el-last  column-top-margin\" style='background:url(https:\/\/foot-lab.com\/wp-content\/uploads\/2023\/10\/foot-lab-kid3.png) center center no-repeat ; border-radius:0px; '><\/div><\/div><!--close column table wrapper. Autoclose: 1 -->\n\n<\/div><\/div><\/div><!-- close content main div --><\/div><\/div><div id='datestarifs'  class='avia-section alternate_color avia-section-large avia-no-border-styling  avia-bg-style-scroll  avia-builder-el-13  el_after_av_section  el_before_av_section   container_wrap sidebar_right' style=' '  ><div class='container' ><div class='template-page content  av-content-small alpha units'><div class='post-entry post-entry-type-page post-entry-32104'><div class='entry-content-wrapper clearfix'>\n<div class=\"flex_column av_one_full  flex_column_div av-zero-column-padding first  avia-builder-el-14  el_before_av_one_half  avia-builder-el-first  \" style='border-radius:0px; '><p><div  style='padding-bottom:10px; ' class='av-special-heading av-special-heading-h3  blockquote modern-quote  avia-builder-el-15  el_before_av_hr  avia-builder-el-first  '><h3 class='av-special-heading-tag '  itemprop=\"headline\"  >DATES, INSCRIPTION ET TARIFS<\/h3><div class='special-heading-border'><div class='special-heading-inner-border' ><\/div><\/div><\/div><br \/>\n<div  style='height:20px' class='hr hr-invisible   avia-builder-el-16  el_after_av_heading  avia-builder-el-last '><span class='hr-inner ' ><span class='hr-inner-style'><\/span><\/span><\/div><\/p><\/div><div class=\"flex_column av_one_half  flex_column_div av-zero-column-padding first  avia-builder-el-17  el_after_av_one_full  el_before_av_one_half  column-top-margin\" style='border-radius:0px; '><p><div  style='padding-bottom:10px; ' class='av-special-heading av-special-heading-h4  blockquote modern-quote  avia-builder-el-18  el_before_av_hr  avia-builder-el-first  '><h4 class='av-special-heading-tag '  itemprop=\"headline\"  >DATES DU PRINTEMPS (2\u00e8me tour)<\/h4><div class='special-heading-border'><div class='special-heading-inner-border' ><\/div><\/div><\/div><br \/>\n<div  style='height:20px' class='hr hr-invisible   avia-builder-el-19  el_after_av_heading  el_before_av_textblock '><span class='hr-inner ' ><span class='hr-inner-style'><\/span><\/span><\/div><br \/>\n<section class=\"av_textblock_section \"  itemscope=\"itemscope\" itemtype=\"https:\/\/schema.org\/CreativeWork\" ><div class='avia_textblock  '   itemprop=\"text\" ><p>Sierre, Centre Sportif d&#8217;Ecossia<\/p>\n<ul>\n<li>\n<div dir=\"ltr\">22 mars<\/div>\n<\/li>\n<li>19 avril<\/li>\n<li>26 avril<\/li>\n<li>24 mai<\/li>\n<li>31 mai<\/li>\n<li>14 juin<\/li>\n<\/ul>\n<\/div><\/section><\/p><\/div><div class=\"flex_column av_one_half  flex_column_div av-zero-column-padding   avia-builder-el-21  el_after_av_one_half  avia-builder-el-last  column-top-margin\" style='border-radius:0px; '><\/div>\n\n<\/div><\/div><\/div><!-- close content main div --><\/div><\/div><div id='datestarifs'  class='avia-section main_color avia-section-large avia-no-border-styling  avia-bg-style-scroll  avia-builder-el-22  el_after_av_section  el_before_av_one_full   container_wrap sidebar_right' style=' '  ><div class='container' ><div class='template-page content  av-content-small alpha units'><div class='post-entry post-entry-type-page post-entry-32104'><div class='entry-content-wrapper clearfix'>\n<div class=\"flex_column av_one_full  flex_column_div av-zero-column-padding first  avia-builder-el-23  el_before_av_one_third  avia-builder-el-first  \" style='border-radius:0px; '><div  style='padding-bottom:10px; ' class='av-special-heading av-special-heading-h4  blockquote modern-quote  avia-builder-el-24  avia-builder-el-no-sibling  '><h4 class='av-special-heading-tag '  itemprop=\"headline\"  >TARIFS<\/h4><div class='special-heading-border'><div class='special-heading-inner-border' ><\/div><\/div><\/div><\/div><div class=\"flex_column av_one_third  flex_column_div av-zero-column-padding first  avia-builder-el-25  el_after_av_one_full  el_before_av_one_third  column-top-margin\" style='border-radius:0px; '><p><div  style='padding-bottom:10px; ' class='av-special-heading av-special-heading-h4  blockquote modern-quote  avia-builder-el-26  el_before_av_hr  avia-builder-el-first  '><h4 class='av-special-heading-tag '  itemprop=\"headline\"  >CENTRE DE PERFECTIONNEMENT<\/h4><div class='special-heading-border'><div class='special-heading-inner-border' ><\/div><\/div><\/div><br \/>\n<div  style='height:20px' class='hr hr-invisible   avia-builder-el-27  el_after_av_heading  el_before_av_textblock '><span class='hr-inner ' ><span class='hr-inner-style'><\/span><\/span><\/div><br \/>\n<section class=\"av_textblock_section \"  itemscope=\"itemscope\" itemtype=\"https:\/\/schema.org\/CreativeWork\" ><div class='avia_textblock  '   itemprop=\"text\" ><ul>\n<li>S\u00e9ance portes ouvertes du 22 mars : Gratuite<\/li>\n<li>La s\u00e9ance \u00e0 l&#8217;unit\u00e9: CHF 70.00<\/li>\n<li>1 tour (5 s\u00e9ances): CHF 290.00<\/li>\n<\/ul>\n<\/div><\/section><br \/>\n<div  class='avia-button-wrap avia-button-center  avia-builder-el-29  el_after_av_textblock  avia-builder-el-last ' ><a href='https:\/\/foot-lab.com\/inscription-centre-de-perfectionnement-ardon\/' class='avia-button  avia-color-theme-color   avia-icon_select-yes-right-icon avia-size-small avia-position-center ' target=\"_blank\" rel=\"noopener noreferrer\"><span class='avia_iconbox_title' >Inscription <\/span><span class='avia_button_icon avia_button_icon_right' aria-hidden='true' data-av_icon='\ue832' data-av_iconfont='entypo-fontello'><\/span><\/a><\/div><\/p><\/div><div class=\"flex_column av_one_third  flex_column_div av-zero-column-padding   avia-builder-el-30  el_after_av_one_third  avia-builder-el-last  column-top-margin\" style='border-radius:0px; '><p><div  style='padding-bottom:10px; ' class='av-special-heading av-special-heading-h4  blockquote modern-quote  avia-builder-el-31  el_before_av_hr  avia-builder-el-first  '><h4 class='av-special-heading-tag '  itemprop=\"headline\"  >BABY FUN<\/h4><div class='special-heading-border'><div class='special-heading-inner-border' ><\/div><\/div><\/div><br \/>\n<div  style='height:20px' class='hr hr-invisible   avia-builder-el-32  el_after_av_heading  el_before_av_textblock '><span class='hr-inner ' ><span class='hr-inner-style'><\/span><\/span><\/div><br \/>\n<section class=\"av_textblock_section \"  itemscope=\"itemscope\" itemtype=\"https:\/\/schema.org\/CreativeWork\" ><div class='avia_textblock  '   itemprop=\"text\" ><ul>\n<li>S\u00e9ance portes ouvertes du 22 mars : Gratuite<\/li>\n<li>La s\u00e9ance \u00e0 l&#8217;unit\u00e9: CHF 40.00<\/li>\n<li>1 tour (5 s\u00e9ances ): CHF 160.00<\/li>\n<\/ul>\n<\/div><\/section><br \/>\n<div  class='avia-button-wrap avia-button-center  avia-builder-el-34  el_after_av_textblock  avia-builder-el-last ' ><a href='https:\/\/foot-lab.com\/inscription-foot-lab-baby-fun-ardon\/' class='avia-button  avia-color-theme-color   avia-icon_select-yes-right-icon avia-size-small avia-position-center ' target=\"_blank\" rel=\"noopener noreferrer\"><span class='avia_iconbox_title' >Inscription <\/span><span class='avia_button_icon avia_button_icon_right' aria-hidden='true' data-av_icon='\ue832' data-av_iconfont='entypo-fontello'><\/span><\/a><\/div><\/p><\/div>\n<\/div><\/div><\/div><!-- close content main div --><\/div><\/div><div id='after_section_4'  class='main_color av_default_container_wrap container_wrap sidebar_right' style=' '  ><div class='container' ><div class='template-page content  av-content-small alpha units'><div class='post-entry post-entry-type-page post-entry-32104'><div class='entry-content-wrapper clearfix'>\n<div class=\"flex_column av_one_full  flex_column_div av-zero-column-padding first  avia-builder-el-35  el_after_av_section  avia-builder-el-no-sibling  \" style='border-radius:0px; '><\/div>\n","protected":false},"excerpt":{"rendered":"<p>Un dimanche par mois, une th\u00e9matique technique! <\/p>\n","protected":false},"author":2,"featured_media":30719,"parent":0,"menu_order":0,"comment_status":"closed","ping_status":"closed","template":"","meta":{"_monsterinsights_skip_tracking":false,"_monsterinsights_sitenote_active":false,"_monsterinsights_sitenote_note":"","_monsterinsights_sitenote_category":0,"footnotes":""},"class_list":["post-32104","page","type-page","status-publish","has-post-thumbnail","hentry"],"_links":{"self":[{"href":"https:\/\/foot-lab.com\/en\/wp-json\/wp\/v2\/pages\/32104","targetHints":{"allow":["GET"]}}],"collection":[{"href":"https:\/\/foot-lab.com\/en\/wp-json\/wp\/v2\/pages"}],"about":[{"href":"https:\/\/foot-lab.com\/en\/wp-json\/wp\/v2\/types\/page"}],"author":[{"embeddable":true,"href":"https:\/\/foot-lab.com\/en\/wp-json\/wp\/v2\/users\/2"}],"replies":[{"embeddable":true,"href":"https:\/\/foot-lab.com\/en\/wp-json\/wp\/v2\/comments?post=32104"}],"version-history":[{"count":21,"href":"https:\/\/foot-lab.com\/en\/wp-json\/wp\/v2\/pages\/32104\/revisions"}],"predecessor-version":[{"id":33189,"href":"https:\/\/foot-lab.com\/en\/wp-json\/wp\/v2\/pages\/32104\/revisions\/33189"}],"wp:featuredmedia":[{"embeddable":true,"href":"https:\/\/foot-lab.com\/en\/wp-json\/wp\/v2\/media\/30719"}],"wp:attachment":[{"href":"https:\/\/foot-lab.com\/en\/wp-json\/wp\/v2\/media?parent=32104"}],"curies":[{"name":"wp","href":"https:\/\/api.w.org\/{rel}","templated":true}]}}