{"id":32135,"date":"2023-08-02T10:04:42","date_gmt":"2023-08-02T08:04:42","guid":{"rendered":"https:\/\/foot-lab.com\/?page_id=32135"},"modified":"2025-02-10T17:12:23","modified_gmt":"2025-02-10T16:12:23","slug":"centre-de-perfectionnement-a-perly-geneve","status":"publish","type":"page","link":"https:\/\/foot-lab.com\/en\/centre-de-perfectionnement-a-perly-geneve\/","title":{"rendered":"Centre de perfectionnement &#038; Baby Fun \u00e0 Lancy (Gen\u00e8ve)"},"content":{"rendered":"<div id='av_section_1'  class='avia-section main_color avia-section-default avia-no-border-styling  avia-bg-style-scroll  avia-builder-el-0  el_before_av_button  avia-builder-el-first   av-minimum-height av-minimum-height-100  container_wrap sidebar_right' style='background-color: #ff5c39;background-image: linear-gradient(#ff5c39,#041e42); '   data-av_minimum_height_pc='100'><div class='av-section-color-overlay-wrap'><a href='#next-section' title='' class='scroll-down-link '  aria-hidden='true' data-av_icon='\ue877' data-av_iconfont='entypo-fontello'><\/a><div class='container' ><main  role=\"main\" itemprop=\"mainContentOfPage\"  class='template-page content  av-content-small alpha units'><div class='post-entry post-entry-type-page post-entry-32135'><div class='entry-content-wrapper clearfix'>\n<div  style='padding-bottom:10px; ' class='av-special-heading av-special-heading-h2  blockquote modern-quote  avia-builder-el-1  avia-builder-el-no-sibling  '><h2 class='av-special-heading-tag '  itemprop=\"headline\"  >CENTRE DE PERFECTIONNEMENT <span class='special_amp'>&amp;<\/span> BABY FUN <\/h2><div class ='av-subheading av-subheading_below  ' style='font-size:30px;'><p>1 DIMANCHE PAR MOIS, 1 TH\u00c9MATIQUE TECHNIQUE.<\/p>\n<\/div><div class='special-heading-border'><div class='special-heading-inner-border' ><\/div><\/div><\/div>\n<\/div><\/div><\/main><!-- close content main element --><\/div><\/div><\/div><div id='after_section_1'  class='main_color av_default_container_wrap container_wrap sidebar_right' style=' '  ><div class='container' ><div class='template-page content  av-content-small alpha units'><div class='post-entry post-entry-type-page post-entry-32135'><div class='entry-content-wrapper clearfix'>\n<div  class='avia-button-wrap avia-button-left  avia-builder-el-2  el_after_av_section  el_before_av_section  avia-builder-el-no-sibling ' ><a href='https:\/\/foot-lab.com\/en\/centre-de-perfectionnement-en-valais\/'  class='avia-button  avia-color-theme-color   avia-icon_select-yes-right-icon avia-size-medium avia-position-left '   ><span class='avia_iconbox_title' >Tu habites en Valais ? D\u00e9couvre notre Centre de perfectionnement \u00e0 Sierre ! <\/span><span class='avia_button_icon avia_button_icon_right' aria-hidden='true' data-av_icon='\ue875' data-av_iconfont='entypo-fontello'><\/span><\/a><\/div>\n<\/div><\/div><\/div><!-- close content main div --><\/div><\/div><div id='info'  class='avia-section main_color avia-section-large avia-no-border-styling  avia-bg-style-scroll  avia-builder-el-3  el_after_av_button  el_before_av_section   container_wrap sidebar_right' style=' '  ><div class='container' ><div class='template-page content  av-content-small alpha units'><div class='post-entry post-entry-type-page post-entry-32135'><div class='entry-content-wrapper clearfix'>\n<div class='flex_column_table av-equal-height-column-flextable -flextable' ><div class=\"flex_column av_one_half  flex_column_table_cell av-equal-height-column av-align-middle av-zero-column-padding first  avia-builder-el-4  el_before_av_one_half  avia-builder-el-first  \" style='border-radius:0px; '><p><div  style='padding-bottom:10px; ' class='av-special-heading av-special-heading-h3  blockquote modern-quote  avia-builder-el-5  el_before_av_hr  avia-builder-el-first  '><h3 class='av-special-heading-tag '  itemprop=\"headline\"  >CENTRE DE PERFECTIONNEMENT TECHNIQUE<\/h3><div class='special-heading-border'><div class='special-heading-inner-border' ><\/div><\/div><\/div><br \/>\n<div  style='height:20px' class='hr hr-invisible   avia-builder-el-6  el_after_av_heading  el_before_av_textblock '><span class='hr-inner ' ><span class='hr-inner-style'><\/span><\/span><\/div><br \/>\n<section class=\"av_textblock_section \"  itemscope=\"itemscope\" itemtype=\"https:\/\/schema.org\/CreativeWork\" ><div class='avia_textblock  '   itemprop=\"text\" ><ul>\n<li>Pour jeunes joueurs de 7 \u00e0 15 ans.<\/li>\n<li>S\u00e9ances techniques de 14h15 \u00e0 16h30.<\/li>\n<li>Encadrement professionnel (25 heures de d\u00e9veloppement technique).<\/li>\n<li>S\u00e9ances individualis\u00e9es selon l&#8217;\u00e2ge et niveau (groupes homog\u00e8nes et r\u00e9duits).<\/li>\n<li>1 \u00e9quipement Adidas Foot Lab (si inscription tour ou saison).<\/li>\n<\/ul>\n<\/div><\/section><\/p><\/div><div class='av-flex-placeholder'><\/div><div class=\"flex_column av_one_half  av-hide-on-mobile  avia-full-stretch flex_column_table_cell av-equal-height-column av-align-middle av-zero-column-padding   avia-builder-el-8  el_after_av_one_half  el_before_av_one_half  \" style='background:url(https:\/\/foot-lab.com\/wp-content\/uploads\/2021\/09\/kidfoot1-1-1030x684.png) center center no-repeat ; border-radius:0px; '><\/div><\/div><!--close column table wrapper. Autoclose: 1 --><div class='flex_column_table av-equal-height-column-flextable -flextable' ><div class=\"flex_column av_one_half  flex_column_table_cell av-equal-height-column av-align-middle av-zero-column-padding first  avia-builder-el-9  el_after_av_one_half  avia-builder-el-last  column-top-margin\" style='border-radius:0px; '><p><div  style='padding-bottom:10px; ' class='av-special-heading av-special-heading-h3  blockquote modern-quote  avia-builder-el-10  el_before_av_hr  avia-builder-el-first  '><h3 class='av-special-heading-tag '  itemprop=\"headline\"  >FOOT LAB BABY FUN<\/h3><div class='special-heading-border'><div class='special-heading-inner-border' ><\/div><\/div><\/div><br \/>\n<div  style='height:20px' class='hr hr-invisible   avia-builder-el-11  el_after_av_heading  el_before_av_textblock '><span class='hr-inner ' ><span class='hr-inner-style'><\/span><\/span><\/div><br \/>\n<section class=\"av_textblock_section \"  itemscope=\"itemscope\" itemtype=\"https:\/\/schema.org\/CreativeWork\" ><div class='avia_textblock  '   itemprop=\"text\" ><ul>\n<li>Durant la s\u00e9ance (14h45-16h30) d\u00e9couvre le football de fa\u00e7on ludique et fun!<\/li>\n<li>Pour les enfants de 4 \u00e0 6 ans.<\/li>\n<li>Encadrement professionnel.<\/li>\n<li>Nous d\u00e9veloppons: technique de base &#8211; confiance et concentration &#8211; vitesse de r\u00e9action.<\/li>\n<li>Et nous nous amusons!<\/li>\n<\/ul>\n<\/div><\/section><\/p><\/div><\/div><!--close column table wrapper. Autoclose: 1 -->\n\n<\/div><\/div><\/div><!-- close content main div --><\/div><\/div><div id='datestarifs'  class='avia-section alternate_color avia-section-large avia-no-border-styling  avia-bg-style-scroll  avia-builder-el-13  el_after_av_section  el_before_av_button   container_wrap sidebar_right' style=' '  ><div class='container' ><div class='template-page content  av-content-small alpha units'><div class='post-entry post-entry-type-page post-entry-32135'><div class='entry-content-wrapper clearfix'>\n<div class=\"flex_column av_one_full  flex_column_div av-zero-column-padding first  avia-builder-el-14  el_before_av_one_half  avia-builder-el-first  \" style='border-radius:0px; '><p><div  style='padding-bottom:10px; ' class='av-special-heading av-special-heading-h3  blockquote modern-quote  avia-builder-el-15  el_before_av_hr  avia-builder-el-first  '><h3 class='av-special-heading-tag '  itemprop=\"headline\"  >DATES, INSCRIPTION ET TARIFS<\/h3><div class='special-heading-border'><div class='special-heading-inner-border' ><\/div><\/div><\/div><br \/>\n<div  style='height:20px' class='hr hr-invisible   avia-builder-el-16  el_after_av_heading  avia-builder-el-last '><span class='hr-inner ' ><span class='hr-inner-style'><\/span><\/span><\/div><\/p><\/div><div class=\"flex_column av_one_half  flex_column_div av-zero-column-padding first  avia-builder-el-17  el_after_av_one_full  el_before_av_one_half  column-top-margin\" style='border-radius:0px; '><p><div  style='padding-bottom:10px; ' class='av-special-heading av-special-heading-h4  blockquote modern-quote  avia-builder-el-18  el_before_av_hr  avia-builder-el-first  '><h4 class='av-special-heading-tag '  itemprop=\"headline\"  >DATES DU PRINTEMPS (2\u00c8ME TOUR)<\/h4><div class='special-heading-border'><div class='special-heading-inner-border' ><\/div><\/div><\/div><br \/>\n<div  style='height:20px' class='hr hr-invisible   avia-builder-el-19  el_after_av_heading  el_before_av_textblock '><span class='hr-inner ' ><span class='hr-inner-style'><\/span><\/span><\/div><br \/>\n<section class=\"av_textblock_section \"  itemscope=\"itemscope\" itemtype=\"https:\/\/schema.org\/CreativeWork\" ><div class='avia_textblock  '   itemprop=\"text\" ><p>Lancy, Stade de Florimont<\/p>\n<ul>\n<li>\n<div dir=\"ltr\">16 mars (d\u00e9couverte gratuite et rattrapage)<\/div>\n<\/li>\n<li>\n<div dir=\"ltr\">30 mars<\/div>\n<\/li>\n<li>13 avril<\/li>\n<li>\n<div dir=\"ltr\">11 mai<\/div>\n<\/li>\n<li>\n<div dir=\"ltr\">25 mai<\/div>\n<\/li>\n<li>8 juin<\/li>\n<\/ul>\n<\/div><\/section><\/p><\/div><div class=\"flex_column av_one_half  flex_column_div av-zero-column-padding   avia-builder-el-21  el_after_av_one_half  el_before_av_one_full  column-top-margin\" style='border-radius:0px; '><\/div><div class=\"flex_column av_one_full  flex_column_div av-zero-column-padding first  avia-builder-el-22  el_after_av_one_half  el_before_av_one_half  column-top-margin\" style='border-radius:0px; '><div  style='padding-bottom:10px; ' class='av-special-heading av-special-heading-h4  blockquote modern-quote  avia-builder-el-23  avia-builder-el-no-sibling  '><h4 class='av-special-heading-tag '  itemprop=\"headline\"  >TARIFS<\/h4><div class='special-heading-border'><div class='special-heading-inner-border' ><\/div><\/div><\/div><\/div><div class=\"flex_column av_one_half  flex_column_div av-zero-column-padding first  avia-builder-el-24  el_after_av_one_full  el_before_av_one_half  column-top-margin\" style='border-radius:0px; '><p><div  style='padding-bottom:10px; ' class='av-special-heading av-special-heading-h4  blockquote modern-quote  avia-builder-el-25  el_before_av_hr  avia-builder-el-first  '><h4 class='av-special-heading-tag '  itemprop=\"headline\"  >CENTRE DE PERFECTIONNEMENT<\/h4><div class='special-heading-border'><div class='special-heading-inner-border' ><\/div><\/div><\/div><br \/>\n<div  style='height:20px' class='hr hr-invisible   avia-builder-el-26  el_after_av_heading  el_before_av_textblock '><span class='hr-inner ' ><span class='hr-inner-style'><\/span><\/span><\/div><br \/>\n<section class=\"av_textblock_section \"  itemscope=\"itemscope\" itemtype=\"https:\/\/schema.org\/CreativeWork\" ><div class='avia_textblock  '   itemprop=\"text\" ><ul>\n<li>1 s\u00e9ance d\u00e9couverte: Offerte<\/li>\n<li>La s\u00e9ance \u00e0 l&#8217;unit\u00e9: CHF 60.00<\/li>\n<li>1 tour (5 s\u00e9ances): CHF 275.00<\/li>\n<li>La saison compl\u00e8te (10 s\u00e9ances): CHF 500.00<\/li>\n<\/ul>\n<\/div><\/section><br \/>\n<div  class='avia-button-wrap avia-button-center  avia-builder-el-28  el_after_av_textblock  avia-builder-el-last ' ><a href='https:\/\/foot-lab.com\/inscription-centre-de-perfectionnement-ardon\/' class='avia-button  avia-color-theme-color   avia-icon_select-yes-right-icon avia-size-small avia-position-center ' target=\"_blank\" rel=\"noopener noreferrer\"><span class='avia_iconbox_title' >Inscription <\/span><span class='avia_button_icon avia_button_icon_right' aria-hidden='true' data-av_icon='\ue832' data-av_iconfont='entypo-fontello'><\/span><\/a><\/div><\/p><\/div><div class=\"flex_column av_one_half  flex_column_div av-zero-column-padding   avia-builder-el-29  el_after_av_one_half  avia-builder-el-last  column-top-margin\" style='border-radius:0px; '><p><div  style='padding-bottom:10px; ' class='av-special-heading av-special-heading-h4  blockquote modern-quote  avia-builder-el-30  el_before_av_hr  avia-builder-el-first  '><h4 class='av-special-heading-tag '  itemprop=\"headline\"  >BABY FUN<\/h4><div class='special-heading-border'><div class='special-heading-inner-border' ><\/div><\/div><\/div><br \/>\n<div  style='height:20px' class='hr hr-invisible   avia-builder-el-31  el_after_av_heading  el_before_av_textblock '><span class='hr-inner ' ><span class='hr-inner-style'><\/span><\/span><\/div><br \/>\n<section class=\"av_textblock_section \"  itemscope=\"itemscope\" itemtype=\"https:\/\/schema.org\/CreativeWork\" ><div class='avia_textblock  '   itemprop=\"text\" ><ul>\n<li>1 s\u00e9ance d\u00e9couverte: Offerte<\/li>\n<li>La s\u00e9ance \u00e0 l&#8217;unit\u00e9: CHF 35.00<\/li>\n<li>1 tour (5 s\u00e9ances ): CHF 150.00<\/li>\n<li>La saison compl\u00e8te (10 s\u00e9ances): CHF 250.00<\/li>\n<\/ul>\n<\/div><\/section><br \/>\n<div  class='avia-button-wrap avia-button-center  avia-builder-el-33  el_after_av_textblock  avia-builder-el-last ' ><a href='https:\/\/foot-lab.com\/inscription-foot-lab-baby-fun-ardon\/' class='avia-button  avia-color-theme-color   avia-icon_select-yes-right-icon avia-size-small avia-position-center ' target=\"_blank\" rel=\"noopener noreferrer\"><span class='avia_iconbox_title' >Inscription <\/span><span class='avia_button_icon avia_button_icon_right' aria-hidden='true' data-av_icon='\ue832' data-av_iconfont='entypo-fontello'><\/span><\/a><\/div><\/p><\/div><\/div><\/div><\/div><!-- close content main div --><\/div><\/div><div id='after_section_3'  class='main_color av_default_container_wrap container_wrap sidebar_right' style=' '  ><div class='container' ><div class='template-page content  av-content-small alpha units'><div class='post-entry post-entry-type-page post-entry-32135'><div class='entry-content-wrapper clearfix'><div  class='avia-button-wrap avia-button-center  avia-builder-el-34  el_after_av_section  avia-builder-el-no-sibling ' ><a href=''  class='avia-button  avia-color-theme-color   avia-icon_select-yes-left-icon avia-size-small avia-position-center '   ><span class='avia_button_icon avia_button_icon_left ' aria-hidden='true' data-av_icon='' data-av_iconfont='entypo-fontello'><\/span><span class='avia_iconbox_title' >Cliquez sur moi<\/span><\/a><\/div><\/p>\n","protected":false},"excerpt":{"rendered":"<p>Un dimanche par moi, une th\u00e9matique technique! <\/p>\n","protected":false},"author":2,"featured_media":30719,"parent":0,"menu_order":0,"comment_status":"closed","ping_status":"closed","template":"","meta":{"_monsterinsights_skip_tracking":false,"_monsterinsights_sitenote_active":false,"_monsterinsights_sitenote_note":"","_monsterinsights_sitenote_category":0,"footnotes":""},"class_list":["post-32135","page","type-page","status-publish","has-post-thumbnail","hentry"],"_links":{"self":[{"href":"https:\/\/foot-lab.com\/en\/wp-json\/wp\/v2\/pages\/32135","targetHints":{"allow":["GET"]}}],"collection":[{"href":"https:\/\/foot-lab.com\/en\/wp-json\/wp\/v2\/pages"}],"about":[{"href":"https:\/\/foot-lab.com\/en\/wp-json\/wp\/v2\/types\/page"}],"author":[{"embeddable":true,"href":"https:\/\/foot-lab.com\/en\/wp-json\/wp\/v2\/users\/2"}],"replies":[{"embeddable":true,"href":"https:\/\/foot-lab.com\/en\/wp-json\/wp\/v2\/comments?post=32135"}],"version-history":[{"count":8,"href":"https:\/\/foot-lab.com\/en\/wp-json\/wp\/v2\/pages\/32135\/revisions"}],"predecessor-version":[{"id":32940,"href":"https:\/\/foot-lab.com\/en\/wp-json\/wp\/v2\/pages\/32135\/revisions\/32940"}],"wp:featuredmedia":[{"embeddable":true,"href":"https:\/\/foot-lab.com\/en\/wp-json\/wp\/v2\/media\/30719"}],"wp:attachment":[{"href":"https:\/\/foot-lab.com\/en\/wp-json\/wp\/v2\/media?parent=32135"}],"curies":[{"name":"wp","href":"https:\/\/api.w.org\/{rel}","templated":true}]}}